{"id":914,"date":"2021-04-25T08:28:31","date_gmt":"2021-04-25T06:28:31","guid":{"rendered":"https:\/\/www.majavida.ch\/?page_id=914"},"modified":"2022-06-09T20:11:05","modified_gmt":"2022-06-09T18:11:05","slug":"majavida-2","status":"publish","type":"page","link":"https:\/\/www.majavida.ch\/","title":{"rendered":"majavida"},"content":{"rendered":"\n<div class=\"wp-block-cover alignfull is-light has-parallax is-style-tw-shadow\" style=\"background-image:url(https:\/\/www.majavida.ch\/wp-content\/uploads\/2021\/04\/tree-276014-scaled.jpg);min-height:70vh;aspect-ratio:unset;\"><span aria-hidden=\"true\" class=\"wp-block-cover__background has-background-dim-20 has-background-dim\"><\/span><div class=\"wp-block-cover__inner-container is-layout-flow wp-block-cover-is-layout-flow\">\n<p class=\"has-text-align-center has-huge-font-size\">Einfach sein.<\/p>\n<\/div><\/div>\n\n\n\n<div class=\"wp-block-group alignfull has-black-color has-white-background-color has-text-color has-background tw-shadow\"><div class=\"wp-block-group__inner-container is-layout-flow wp-block-group-is-layout-flow\">\n<div class=\"wp-block-group alignfull has-subtle-background-color has-background\"><div class=\"wp-block-group__inner-container is-layout-flow wp-block-group-is-layout-flow\">\n<div class=\"wp-block-media-text alignwide has-media-on-the-right is-stacked-on-mobile tw-stack-md tw-media-bottom\" style=\"grid-template-columns:auto 49%\"><figure class=\"wp-block-media-text__media\"><img loading=\"lazy\" decoding=\"async\" width=\"1024\" height=\"683\" src=\"https:\/\/www.majavida.ch\/wp-content\/uploads\/2021\/03\/massage-3795693-1024x683.jpg\" alt=\"H\u00e4nde massieren einen R\u00fccken\" class=\"wp-image-456 size-full\" srcset=\"https:\/\/www.majavida.ch\/wp-content\/uploads\/2021\/03\/massage-3795693-1024x683.jpg 1024w, https:\/\/www.majavida.ch\/wp-content\/uploads\/2021\/03\/massage-3795693-300x200.jpg 300w, https:\/\/www.majavida.ch\/wp-content\/uploads\/2021\/03\/massage-3795693-768x512.jpg 768w, https:\/\/www.majavida.ch\/wp-content\/uploads\/2021\/03\/massage-3795693-1536x1024.jpg 1536w, https:\/\/www.majavida.ch\/wp-content\/uploads\/2021\/03\/massage-3795693-2048x1365.jpg 2048w, https:\/\/www.majavida.ch\/wp-content\/uploads\/2021\/03\/massage-3795693-600x400.jpg 600w\" sizes=\"auto, (max-width: 1024px) 100vw, 1024px\" \/><\/figure><div class=\"wp-block-media-text__content\">\n<h2 class=\"wp-block-heading\" id=\"klassische-massage\">Klassische Massage<\/h2>\n\n\n\n<p>Entspannung der Muskulatur und positive Stimulierung des Nervensystems.<\/p>\n\n\n\n<div class=\"wp-block-buttons is-layout-flex wp-block-buttons-is-layout-flex\">\n<div class=\"wp-block-button is-style-outline is-style-outline--1\"><a class=\"wp-block-button__link\" href=\"https:\/\/www.majavida.ch\/?page_id=6\">weitere Informationen<\/a><\/div>\n<\/div>\n<\/div><\/div>\n<\/div><\/div>\n\n\n\n<div class=\"wp-block-group alignfull\"><div class=\"wp-block-group__inner-container is-layout-flow wp-block-group-is-layout-flow\">\n<div class=\"wp-block-media-text alignwide is-stacked-on-mobile tw-stack-md\" style=\"grid-template-columns:49% auto\"><figure class=\"wp-block-media-text__media\"><img loading=\"lazy\" decoding=\"async\" width=\"1024\" height=\"683\" src=\"https:\/\/www.majavida.ch\/wp-content\/uploads\/2021\/03\/fussmassage-1024x683.jpg\" alt=\"fussmassage\" class=\"wp-image-483 size-full\" srcset=\"https:\/\/www.majavida.ch\/wp-content\/uploads\/2021\/03\/fussmassage-1024x683.jpg 1024w, https:\/\/www.majavida.ch\/wp-content\/uploads\/2021\/03\/fussmassage-300x200.jpg 300w, https:\/\/www.majavida.ch\/wp-content\/uploads\/2021\/03\/fussmassage-768x512.jpg 768w, https:\/\/www.majavida.ch\/wp-content\/uploads\/2021\/03\/fussmassage-1536x1024.jpg 1536w, https:\/\/www.majavida.ch\/wp-content\/uploads\/2021\/03\/fussmassage-2048x1365.jpg 2048w, https:\/\/www.majavida.ch\/wp-content\/uploads\/2021\/03\/fussmassage-600x400.jpg 600w\" sizes=\"auto, (max-width: 1024px) 100vw, 1024px\" \/><\/figure><div class=\"wp-block-media-text__content\">\n<h2 class=\"has-extra-large-font-size wp-block-heading\" id=\"fussreflexzonentherapie\">Fussreflexzonentherapie<\/h2>\n\n\n\n<p>Verbesserung des Wohlbefindens im ganzen K\u00f6rper.<\/p>\n\n\n\n<div class=\"wp-block-buttons is-layout-flex wp-block-buttons-is-layout-flex\">\n<div class=\"wp-block-button is-style-outline is-style-outline--2\"><a class=\"wp-block-button__link\" href=\"https:\/\/www.majavida.ch\/?page_id=201\">weitere Informationen<\/a><\/div>\n<\/div>\n<\/div><\/div>\n\n\n\n<div class=\"wp-block-media-text alignwide has-media-on-the-right is-stacked-on-mobile tw-stack-md\" style=\"grid-template-columns:auto 49%\"><figure class=\"wp-block-media-text__media\"><img loading=\"lazy\" decoding=\"async\" width=\"1024\" height=\"680\" src=\"https:\/\/www.majavida.ch\/wp-content\/uploads\/2021\/03\/essential-oils-2918183-1024x680.jpg\" alt=\"Massage\u00f6l\" class=\"wp-image-472 size-full\" srcset=\"https:\/\/www.majavida.ch\/wp-content\/uploads\/2021\/03\/essential-oils-2918183-1024x680.jpg 1024w, https:\/\/www.majavida.ch\/wp-content\/uploads\/2021\/03\/essential-oils-2918183-300x199.jpg 300w, https:\/\/www.majavida.ch\/wp-content\/uploads\/2021\/03\/essential-oils-2918183-768x510.jpg 768w, https:\/\/www.majavida.ch\/wp-content\/uploads\/2021\/03\/essential-oils-2918183-1536x1021.jpg 1536w, https:\/\/www.majavida.ch\/wp-content\/uploads\/2021\/03\/essential-oils-2918183-2048x1361.jpg 2048w, https:\/\/www.majavida.ch\/wp-content\/uploads\/2021\/03\/essential-oils-2918183-600x399.jpg 600w\" sizes=\"auto, (max-width: 1024px) 100vw, 1024px\" \/><\/figure><div class=\"wp-block-media-text__content\">\n<h2 class=\"has-extra-large-font-size wp-block-heading\" id=\"energiebehandlungen\">Energiebehandlungen<\/h2>\n\n\n\n<p>Ausgleich des Energieflusses und Harmonisierung von K\u00f6rper, Geist und Seele.<\/p>\n\n\n\n<div class=\"wp-block-buttons is-layout-flex wp-block-buttons-is-layout-flex\">\n<div class=\"wp-block-button is-style-outline is-style-outline--3\"><a class=\"wp-block-button__link\" href=\"https:\/\/www.majavida.ch\/?page_id=215\">weitere Informationen<\/a><\/div>\n<\/div>\n<\/div><\/div>\n<\/div><\/div>\n\n\n\n<div style=\"height:100px\" aria-hidden=\"true\" class=\"wp-block-spacer\"><\/div>\n\n\n\n<div class=\"wp-block-group alignfull has-subtle-background-color has-background\"><div class=\"wp-block-group__inner-container is-layout-flow wp-block-group-is-layout-flow\">\n<p><\/p>\n\n\n\n<h3 class=\"has-text-align-center wp-block-heading\" id=\"ich-freue-mich-dich-personlich-zu-beraten\">Ich freue mich, <br>dich pers\u00f6nlich zu beraten<\/h3>\n\n\n\n<div class=\"wp-block-buttons is-horizontal is-content-justification-center is-layout-flex wp-container-core-buttons-is-layout-03627597 wp-block-buttons-is-layout-flex\">\n<div class=\"wp-block-button is-style-outline is-style-outline--4\"><a class=\"wp-block-button__link\">Kontakt<\/a><\/div>\n<\/div>\n<\/div><\/div>\n<\/div><\/div>\n\n\n\n<p><\/p>\n","protected":false},"excerpt":{"rendered":"<p>Klassische Massage Entspannung der Muskulatur und positive Stimulierung des Nervensystems. Fussreflexzonentherapie Verbesserung des Wohlbefindens im ganzen K\u00f6rper. Energiebehandlungen Ausgleich des Energieflusses und Harmonisierung von K\u00f6rper, Geist und Seele. Ich freue mich, dich pers\u00f6nlich zu beraten<\/p>\n","protected":false},"author":3,"featured_media":0,"parent":0,"menu_order":0,"comment_status":"closed","ping_status":"closed","template":"tw-no-title.php","meta":{"footnotes":""},"class_list":["post-914","page","type-page","status-publish","hentry","entry"],"yoast_head":"<!-- This site is optimized with the Yoast SEO plugin v27.5 - https:\/\/yoast.com\/product\/yoast-seo-wordpress\/ -->\n<title>majavida - majavida<\/title>\n<meta name=\"description\" content=\"Ich unterst\u00fctze dich bei der Vorbeugung und Behandlung von k\u00f6rperlichen Beschwerden und muskul\u00e4ren Verspannungen.\" \/>\n<meta name=\"robots\" content=\"index, follow, max-snippet:-1, max-image-preview:large, max-video-preview:-1, noarchive\" \/>\n<link rel=\"canonical\" href=\"https:\/\/www.majavida.ch\/\" \/>\n<meta property=\"og:locale\" content=\"de_DE\" \/>\n<meta property=\"og:type\" content=\"article\" \/>\n<meta property=\"og:title\" content=\"majavida\" \/>\n<meta property=\"og:description\" content=\"Ich unterst\u00fctze dich bei der Vorbeugung und Behandlung von k\u00f6rperlichen Beschwerden und muskul\u00e4ren Verspannungen.\" \/>\n<meta property=\"og:url\" content=\"https:\/\/www.majavida.ch\/\" \/>\n<meta property=\"og:site_name\" content=\"majavida\" \/>\n<meta property=\"article:modified_time\" content=\"2022-06-09T18:11:05+00:00\" \/>\n<meta property=\"og:image\" content=\"https:\/\/www.majavida.ch\/wp-content\/uploads\/2021\/04\/maja-vida_Logo-farbig-10.png\" \/>\n\t<meta property=\"og:image:width\" content=\"351\" \/>\n\t<meta property=\"og:image:height\" content=\"249\" \/>\n\t<meta property=\"og:image:type\" content=\"image\/png\" \/>\n<meta name=\"twitter:card\" content=\"summary_large_image\" \/>\n<meta name=\"twitter:title\" content=\"majavida\" \/>\n<meta name=\"twitter:description\" content=\"Ich unterst\u00fctze dich bei der Vorbeugung und Behandlung von k\u00f6rperlichen Beschwerden und muskul\u00e4ren Verspannungen.\" \/>\n<meta name=\"twitter:image\" content=\"https:\/\/www.majavida.ch\/wp-content\/uploads\/2021\/04\/maja-vida_Logo-farbig-10.png\" \/>\n<meta name=\"twitter:label1\" content=\"Gesch\u00e4tzte Lesezeit\" \/>\n\t<meta name=\"twitter:data1\" content=\"1\u00a0Minute\" \/>\n<script type=\"application\/ld+json\" class=\"yoast-schema-graph\">{\"@context\":\"https:\\\/\\\/schema.org\",\"@graph\":[{\"@type\":[\"WebPage\",\"MedicalWebPage\"],\"@id\":\"https:\\\/\\\/www.majavida.ch\\\/\",\"url\":\"https:\\\/\\\/www.majavida.ch\\\/\",\"name\":\"majavida - majavida\",\"isPartOf\":{\"@id\":\"https:\\\/\\\/www.majavida.ch\\\/#website\"},\"primaryImageOfPage\":{\"@id\":\"https:\\\/\\\/www.majavida.ch\\\/#primaryimage\"},\"image\":{\"@id\":\"https:\\\/\\\/www.majavida.ch\\\/#primaryimage\"},\"thumbnailUrl\":\"https:\\\/\\\/www.majavida.ch\\\/wp-content\\\/uploads\\\/2021\\\/03\\\/massage-3795693-1024x683.jpg\",\"datePublished\":\"2021-04-25T06:28:31+00:00\",\"dateModified\":\"2022-06-09T18:11:05+00:00\",\"description\":\"Ich unterst\u00fctze dich bei der Vorbeugung und Behandlung von k\u00f6rperlichen Beschwerden und muskul\u00e4ren Verspannungen.\",\"breadcrumb\":{\"@id\":\"https:\\\/\\\/www.majavida.ch\\\/#breadcrumb\"},\"inLanguage\":\"de\",\"potentialAction\":[{\"@type\":\"ReadAction\",\"target\":[\"https:\\\/\\\/www.majavida.ch\\\/\"]}]},{\"@type\":\"ImageObject\",\"inLanguage\":\"de\",\"@id\":\"https:\\\/\\\/www.majavida.ch\\\/#primaryimage\",\"url\":\"https:\\\/\\\/www.majavida.ch\\\/wp-content\\\/uploads\\\/2021\\\/03\\\/massage-3795693-1024x683.jpg\",\"contentUrl\":\"https:\\\/\\\/www.majavida.ch\\\/wp-content\\\/uploads\\\/2021\\\/03\\\/massage-3795693-1024x683.jpg\"},{\"@type\":\"BreadcrumbList\",\"@id\":\"https:\\\/\\\/www.majavida.ch\\\/#breadcrumb\",\"itemListElement\":[{\"@type\":\"ListItem\",\"position\":1,\"name\":\"Startseite\",\"item\":\"https:\\\/\\\/www.majavida.ch\\\/\"},{\"@type\":\"ListItem\",\"position\":2,\"name\":\"majavida\"}]},{\"@type\":\"WebSite\",\"@id\":\"https:\\\/\\\/www.majavida.ch\\\/#website\",\"url\":\"https:\\\/\\\/www.majavida.ch\\\/\",\"name\":\"majavida\",\"description\":\"untertitel\",\"publisher\":{\"@id\":\"https:\\\/\\\/www.majavida.ch\\\/#organization\"},\"potentialAction\":[{\"@type\":\"SearchAction\",\"target\":{\"@type\":\"EntryPoint\",\"urlTemplate\":\"https:\\\/\\\/www.majavida.ch\\\/?s={search_term_string}\"},\"query-input\":{\"@type\":\"PropertyValueSpecification\",\"valueRequired\":true,\"valueName\":\"search_term_string\"}}],\"inLanguage\":\"de\"},{\"@type\":\"Organization\",\"@id\":\"https:\\\/\\\/www.majavida.ch\\\/#organization\",\"name\":\"majavida\",\"url\":\"https:\\\/\\\/www.majavida.ch\\\/\",\"logo\":{\"@type\":\"ImageObject\",\"inLanguage\":\"de\",\"@id\":\"https:\\\/\\\/www.majavida.ch\\\/#\\\/schema\\\/logo\\\/image\\\/\",\"url\":\"https:\\\/\\\/www.majavida.ch\\\/wp-content\\\/uploads\\\/2021\\\/04\\\/maja-vida_Logo-farbig-10.png\",\"contentUrl\":\"https:\\\/\\\/www.majavida.ch\\\/wp-content\\\/uploads\\\/2021\\\/04\\\/maja-vida_Logo-farbig-10.png\",\"width\":351,\"height\":249,\"caption\":\"majavida\"},\"image\":{\"@id\":\"https:\\\/\\\/www.majavida.ch\\\/#\\\/schema\\\/logo\\\/image\\\/\"}}]}<\/script>\n<!-- \/ Yoast SEO plugin. -->","yoast_head_json":{"title":"majavida - majavida","description":"Ich unterst\u00fctze dich bei der Vorbeugung und Behandlung von k\u00f6rperlichen Beschwerden und muskul\u00e4ren Verspannungen.","robots":{"index":"index","follow":"follow","max-snippet":"max-snippet:-1","max-image-preview":"max-image-preview:large","max-video-preview":"max-video-preview:-1","archive":"noarchive"},"canonical":"https:\/\/www.majavida.ch\/","og_locale":"de_DE","og_type":"article","og_title":"majavida","og_description":"Ich unterst\u00fctze dich bei der Vorbeugung und Behandlung von k\u00f6rperlichen Beschwerden und muskul\u00e4ren Verspannungen.","og_url":"https:\/\/www.majavida.ch\/","og_site_name":"majavida","article_modified_time":"2022-06-09T18:11:05+00:00","og_image":[{"width":351,"height":249,"url":"https:\/\/www.majavida.ch\/wp-content\/uploads\/2021\/04\/maja-vida_Logo-farbig-10.png","type":"image\/png"}],"twitter_card":"summary_large_image","twitter_title":"majavida","twitter_description":"Ich unterst\u00fctze dich bei der Vorbeugung und Behandlung von k\u00f6rperlichen Beschwerden und muskul\u00e4ren Verspannungen.","twitter_image":"https:\/\/www.majavida.ch\/wp-content\/uploads\/2021\/04\/maja-vida_Logo-farbig-10.png","twitter_misc":{"Gesch\u00e4tzte Lesezeit":"1\u00a0Minute"},"schema":{"@context":"https:\/\/schema.org","@graph":[{"@type":["WebPage","MedicalWebPage"],"@id":"https:\/\/www.majavida.ch\/","url":"https:\/\/www.majavida.ch\/","name":"majavida - majavida","isPartOf":{"@id":"https:\/\/www.majavida.ch\/#website"},"primaryImageOfPage":{"@id":"https:\/\/www.majavida.ch\/#primaryimage"},"image":{"@id":"https:\/\/www.majavida.ch\/#primaryimage"},"thumbnailUrl":"https:\/\/www.majavida.ch\/wp-content\/uploads\/2021\/03\/massage-3795693-1024x683.jpg","datePublished":"2021-04-25T06:28:31+00:00","dateModified":"2022-06-09T18:11:05+00:00","description":"Ich unterst\u00fctze dich bei der Vorbeugung und Behandlung von k\u00f6rperlichen Beschwerden und muskul\u00e4ren Verspannungen.","breadcrumb":{"@id":"https:\/\/www.majavida.ch\/#breadcrumb"},"inLanguage":"de","potentialAction":[{"@type":"ReadAction","target":["https:\/\/www.majavida.ch\/"]}]},{"@type":"ImageObject","inLanguage":"de","@id":"https:\/\/www.majavida.ch\/#primaryimage","url":"https:\/\/www.majavida.ch\/wp-content\/uploads\/2021\/03\/massage-3795693-1024x683.jpg","contentUrl":"https:\/\/www.majavida.ch\/wp-content\/uploads\/2021\/03\/massage-3795693-1024x683.jpg"},{"@type":"BreadcrumbList","@id":"https:\/\/www.majavida.ch\/#breadcrumb","itemListElement":[{"@type":"ListItem","position":1,"name":"Startseite","item":"https:\/\/www.majavida.ch\/"},{"@type":"ListItem","position":2,"name":"majavida"}]},{"@type":"WebSite","@id":"https:\/\/www.majavida.ch\/#website","url":"https:\/\/www.majavida.ch\/","name":"majavida","description":"untertitel","publisher":{"@id":"https:\/\/www.majavida.ch\/#organization"},"potentialAction":[{"@type":"SearchAction","target":{"@type":"EntryPoint","urlTemplate":"https:\/\/www.majavida.ch\/?s={search_term_string}"},"query-input":{"@type":"PropertyValueSpecification","valueRequired":true,"valueName":"search_term_string"}}],"inLanguage":"de"},{"@type":"Organization","@id":"https:\/\/www.majavida.ch\/#organization","name":"majavida","url":"https:\/\/www.majavida.ch\/","logo":{"@type":"ImageObject","inLanguage":"de","@id":"https:\/\/www.majavida.ch\/#\/schema\/logo\/image\/","url":"https:\/\/www.majavida.ch\/wp-content\/uploads\/2021\/04\/maja-vida_Logo-farbig-10.png","contentUrl":"https:\/\/www.majavida.ch\/wp-content\/uploads\/2021\/04\/maja-vida_Logo-farbig-10.png","width":351,"height":249,"caption":"majavida"},"image":{"@id":"https:\/\/www.majavida.ch\/#\/schema\/logo\/image\/"}}]}},"jetpack_sharing_enabled":true,"_links":{"self":[{"href":"https:\/\/www.majavida.ch\/index.php?rest_route=\/wp\/v2\/pages\/914","targetHints":{"allow":["GET"]}}],"collection":[{"href":"https:\/\/www.majavida.ch\/index.php?rest_route=\/wp\/v2\/pages"}],"about":[{"href":"https:\/\/www.majavida.ch\/index.php?rest_route=\/wp\/v2\/types\/page"}],"author":[{"embeddable":true,"href":"https:\/\/www.majavida.ch\/index.php?rest_route=\/wp\/v2\/users\/3"}],"replies":[{"embeddable":true,"href":"https:\/\/www.majavida.ch\/index.php?rest_route=%2Fwp%2Fv2%2Fcomments&post=914"}],"version-history":[{"count":80,"href":"https:\/\/www.majavida.ch\/index.php?rest_route=\/wp\/v2\/pages\/914\/revisions"}],"predecessor-version":[{"id":1276,"href":"https:\/\/www.majavida.ch\/index.php?rest_route=\/wp\/v2\/pages\/914\/revisions\/1276"}],"wp:attachment":[{"href":"https:\/\/www.majavida.ch\/index.php?rest_route=%2Fwp%2Fv2%2Fmedia&parent=914"}],"curies":[{"name":"wp","href":"https:\/\/api.w.org\/{rel}","templated":true}]}}