{"id":215,"date":"2021-03-17T19:30:07","date_gmt":"2021-03-17T18:30:07","guid":{"rendered":"https:\/\/www.mayavida.ch\/?page_id=215"},"modified":"2022-06-09T21:13:19","modified_gmt":"2022-06-09T19:13:19","slug":"klangschalentherapie","status":"publish","type":"page","link":"https:\/\/www.majavida.ch\/?page_id=215","title":{"rendered":"Energiebehandlungen"},"content":{"rendered":"\n<div class=\"wp-block-group alignfull has-subtle-background-color has-background\"><div class=\"wp-block-group__inner-container is-layout-flow wp-block-group-is-layout-flow\">\n<div class=\"wp-block-media-text alignwide has-media-on-the-right is-stacked-on-mobile tw-stack-md tw-media-bottom\" style=\"grid-template-columns:auto 44%\"><figure class=\"wp-block-media-text__media\"><img loading=\"lazy\" decoding=\"async\" width=\"1024\" height=\"683\" src=\"https:\/\/www.majavida.ch\/wp-content\/uploads\/2021\/03\/freedom-4782870-1024x683.jpg\" alt=\"Frau l\u00e4uft im Gegenlicht \u00fcber eine Wiese\" class=\"wp-image-394 size-full\" srcset=\"https:\/\/www.majavida.ch\/wp-content\/uploads\/2021\/03\/freedom-4782870-1024x683.jpg 1024w, https:\/\/www.majavida.ch\/wp-content\/uploads\/2021\/03\/freedom-4782870-300x200.jpg 300w, https:\/\/www.majavida.ch\/wp-content\/uploads\/2021\/03\/freedom-4782870-768x512.jpg 768w, https:\/\/www.majavida.ch\/wp-content\/uploads\/2021\/03\/freedom-4782870-1536x1024.jpg 1536w, https:\/\/www.majavida.ch\/wp-content\/uploads\/2021\/03\/freedom-4782870-2048x1365.jpg 2048w, https:\/\/www.majavida.ch\/wp-content\/uploads\/2021\/03\/freedom-4782870-600x400.jpg 600w\" sizes=\"auto, (max-width: 1024px) 100vw, 1024px\" \/><\/figure><div class=\"wp-block-media-text__content\">\n<h2 class=\"wp-block-heading\">Energiebehandlungen<\/h2>\n\n\n\n<p>In einem gesunden K\u00f6rper fliesst die Energie ungehindert und erh\u00e4lt uns lebendig und vital. Sobald die Energie stagniert oder blockiert ist, kann sich dies durch Beschwerden und Schmerzen im K\u00f6rper zeigen. In meinen Behandlungen m\u00f6chte ich dich dabei unterst\u00fctzen, auf dich und deinen K\u00f6rper zu h\u00f6ren. Auf seine Weisheit zu vertrauen. So wird er dir wieder ein wohliges und sicheres Zuhause sein und dir dabei helfen deinen ganz eigenen Weg zu gehen.<\/p>\n\n\n\n<p> <\/p>\n\n\n\n<p>.<\/p>\n<\/div><\/div>\n<\/div><\/div>\n\n\n\n<div class=\"wp-block-group alignfull\"><div class=\"wp-block-group__inner-container is-layout-flow wp-block-group-is-layout-flow\">\n<div class=\"wp-block-media-text alignwide is-stacked-on-mobile tw-stack-md\" style=\"grid-template-columns:49% auto\"><figure class=\"wp-block-media-text__media\"><img loading=\"lazy\" decoding=\"async\" width=\"1024\" height=\"683\" src=\"https:\/\/www.majavida.ch\/wp-content\/uploads\/2020\/01\/stone-2-von-1-1024x683.jpg\" alt=\"im Fluss\" class=\"wp-image-53 size-full\" srcset=\"https:\/\/www.majavida.ch\/wp-content\/uploads\/2020\/01\/stone-2-von-1-1024x683.jpg 1024w, https:\/\/www.majavida.ch\/wp-content\/uploads\/2020\/01\/stone-2-von-1-300x200.jpg 300w, https:\/\/www.majavida.ch\/wp-content\/uploads\/2020\/01\/stone-2-von-1-768x512.jpg 768w, https:\/\/www.majavida.ch\/wp-content\/uploads\/2020\/01\/stone-2-von-1-1536x1024.jpg 1536w, https:\/\/www.majavida.ch\/wp-content\/uploads\/2020\/01\/stone-2-von-1-2048x1365.jpg 2048w\" sizes=\"auto, (max-width: 1024px) 100vw, 1024px\" \/><\/figure><div class=\"wp-block-media-text__content\">\n<p>Ich massiere intuitiv und lasse mich durch mein Herz und meine H\u00e4nde f\u00fchren. Dazu verwende ich naturreine \u00e4therische \u00d6le. Rein schon ihr Duft ist heilsam und wirkt sich positiv auf das Wohlbefinden aus. Die Ruhe schafft uns Raum und Weite. Sie l\u00e4sst uns tief in uns blicken. Ich verweile gerne mit dir an diesen Orten der Stille, wo sie so oft durch Bilder, Worte oder Empfindungen zu uns spricht. Auch Klangschalen k\u00f6nnen uns beruhigen und Tore zu Bereichen unseres Bewusstseins \u00f6ffnen, die uns sonst verschlossen bleiben.<\/p>\n\n\n\n<p>Du kannst dich dabei einfach fallen lassen und darauf vertrauen, dass durch die Kraft der Ruhe deine Energie wieder ins Fliessen kommt. Wir lassen uns ganz auf dich und den Moment ein.<\/p>\n\n\n\n<p>Bitte rechne f\u00fcr diese Behandlungen ca. 90 &#8211; 120 min. Zeit ein. <\/p>\n<\/div><\/div>\n<\/div><\/div>\n\n\n\n<div class=\"wp-block-group alignfull has-subtle-background-color has-background\"><div class=\"wp-block-group__inner-container is-layout-flow wp-block-group-is-layout-flow\">\n<h3 class=\"has-text-align-center wp-block-heading\">Ich freue mich,<br>dich pers\u00f6nlich zu beraten<\/h3>\n\n\n\n<div class=\"wp-block-buttons is-horizontal is-content-justification-center is-layout-flex wp-container-core-buttons-is-layout-03627597 wp-block-buttons-is-layout-flex\">\n<div class=\"wp-block-button is-style-outline is-style-outline--1\"><a class=\"wp-block-button__link\" href=\"https:\/\/www.majavida.ch\/?page_id=8\">Kontakt<\/a><\/div>\n<\/div>\n<\/div><\/div>\n\n\n\n<p><\/p>\n","protected":false},"excerpt":{"rendered":"<p>Energiebehandlungen In einem gesunden K\u00f6rper fliesst die Energie ungehindert und erh\u00e4lt uns lebendig und vital. Sobald die Energie stagniert oder blockiert ist, kann sich dies durch Beschwerden und Schmerzen im K\u00f6rper zeigen. In meinen Behandlungen m\u00f6chte ich dich dabei unterst\u00fctzen, auf dich und deinen K\u00f6rper zu h\u00f6ren. Auf seine Weisheit zu vertrauen. So wird er&hellip; <a class=\"more-link\" href=\"https:\/\/www.majavida.ch\/?page_id=215\"><span class=\"screen-reader-text\">Energiebehandlungen<\/span> weiterlesen<\/a><\/p>\n","protected":false},"author":3,"featured_media":0,"parent":0,"menu_order":0,"comment_status":"closed","ping_status":"closed","template":"tw-no-title.php","meta":{"footnotes":""},"class_list":["post-215","page","type-page","status-publish","hentry","entry"],"yoast_head":"<!-- This site is optimized with the Yoast SEO plugin v27.4 - https:\/\/yoast.com\/product\/yoast-seo-wordpress\/ -->\n<title>Energiebehandlungen - majavida<\/title>\n<meta name=\"description\" content=\"Ausgleich des Energieflusses und Verbindung mit deinem Kern.\" \/>\n<meta name=\"robots\" content=\"index, follow, max-snippet:-1, max-image-preview:large, max-video-preview:-1\" \/>\n<link rel=\"canonical\" href=\"https:\/\/www.majavida.ch\/?page_id=215\" \/>\n<meta property=\"og:locale\" content=\"de_DE\" \/>\n<meta property=\"og:type\" content=\"article\" \/>\n<meta property=\"og:title\" content=\"Energiebehandlungen - majavida\" \/>\n<meta property=\"og:description\" content=\"Ausgleich des Energieflusses und Verbindung mit deinem Kern.\" \/>\n<meta property=\"og:url\" content=\"https:\/\/www.majavida.ch\/?page_id=215\" \/>\n<meta property=\"og:site_name\" content=\"majavida\" \/>\n<meta property=\"article:modified_time\" content=\"2022-06-09T19:13:19+00:00\" \/>\n<meta property=\"og:image\" content=\"https:\/\/www.majavida.ch\/wp-content\/uploads\/2021\/03\/freedom-4782870-1024x683.jpg\" \/>\n<meta name=\"twitter:card\" content=\"summary_large_image\" \/>\n<meta name=\"twitter:label1\" content=\"Gesch\u00e4tzte Lesezeit\" \/>\n\t<meta name=\"twitter:data1\" content=\"2\u00a0Minuten\" \/>\n<script type=\"application\/ld+json\" class=\"yoast-schema-graph\">{\"@context\":\"https:\\\/\\\/schema.org\",\"@graph\":[{\"@type\":\"WebPage\",\"@id\":\"https:\\\/\\\/www.majavida.ch\\\/?page_id=215\",\"url\":\"https:\\\/\\\/www.majavida.ch\\\/?page_id=215\",\"name\":\"Energiebehandlungen - majavida\",\"isPartOf\":{\"@id\":\"https:\\\/\\\/www.majavida.ch\\\/#website\"},\"primaryImageOfPage\":{\"@id\":\"https:\\\/\\\/www.majavida.ch\\\/?page_id=215#primaryimage\"},\"image\":{\"@id\":\"https:\\\/\\\/www.majavida.ch\\\/?page_id=215#primaryimage\"},\"thumbnailUrl\":\"https:\\\/\\\/www.majavida.ch\\\/wp-content\\\/uploads\\\/2021\\\/03\\\/freedom-4782870-1024x683.jpg\",\"datePublished\":\"2021-03-17T18:30:07+00:00\",\"dateModified\":\"2022-06-09T19:13:19+00:00\",\"description\":\"Ausgleich des Energieflusses und Verbindung mit deinem Kern.\",\"breadcrumb\":{\"@id\":\"https:\\\/\\\/www.majavida.ch\\\/?page_id=215#breadcrumb\"},\"inLanguage\":\"de\",\"potentialAction\":[{\"@type\":\"ReadAction\",\"target\":[\"https:\\\/\\\/www.majavida.ch\\\/?page_id=215\"]}]},{\"@type\":\"ImageObject\",\"inLanguage\":\"de\",\"@id\":\"https:\\\/\\\/www.majavida.ch\\\/?page_id=215#primaryimage\",\"url\":\"https:\\\/\\\/www.majavida.ch\\\/wp-content\\\/uploads\\\/2021\\\/03\\\/freedom-4782870-1024x683.jpg\",\"contentUrl\":\"https:\\\/\\\/www.majavida.ch\\\/wp-content\\\/uploads\\\/2021\\\/03\\\/freedom-4782870-1024x683.jpg\"},{\"@type\":\"BreadcrumbList\",\"@id\":\"https:\\\/\\\/www.majavida.ch\\\/?page_id=215#breadcrumb\",\"itemListElement\":[{\"@type\":\"ListItem\",\"position\":1,\"name\":\"Startseite\",\"item\":\"https:\\\/\\\/www.majavida.ch\\\/\"},{\"@type\":\"ListItem\",\"position\":2,\"name\":\"Energiebehandlungen\"}]},{\"@type\":\"WebSite\",\"@id\":\"https:\\\/\\\/www.majavida.ch\\\/#website\",\"url\":\"https:\\\/\\\/www.majavida.ch\\\/\",\"name\":\"majavida\",\"description\":\"untertitel\",\"publisher\":{\"@id\":\"https:\\\/\\\/www.majavida.ch\\\/#organization\"},\"potentialAction\":[{\"@type\":\"SearchAction\",\"target\":{\"@type\":\"EntryPoint\",\"urlTemplate\":\"https:\\\/\\\/www.majavida.ch\\\/?s={search_term_string}\"},\"query-input\":{\"@type\":\"PropertyValueSpecification\",\"valueRequired\":true,\"valueName\":\"search_term_string\"}}],\"inLanguage\":\"de\"},{\"@type\":\"Organization\",\"@id\":\"https:\\\/\\\/www.majavida.ch\\\/#organization\",\"name\":\"majavida\",\"url\":\"https:\\\/\\\/www.majavida.ch\\\/\",\"logo\":{\"@type\":\"ImageObject\",\"inLanguage\":\"de\",\"@id\":\"https:\\\/\\\/www.majavida.ch\\\/#\\\/schema\\\/logo\\\/image\\\/\",\"url\":\"https:\\\/\\\/www.majavida.ch\\\/wp-content\\\/uploads\\\/2021\\\/04\\\/maja-vida_Logo-farbig-10.png\",\"contentUrl\":\"https:\\\/\\\/www.majavida.ch\\\/wp-content\\\/uploads\\\/2021\\\/04\\\/maja-vida_Logo-farbig-10.png\",\"width\":351,\"height\":249,\"caption\":\"majavida\"},\"image\":{\"@id\":\"https:\\\/\\\/www.majavida.ch\\\/#\\\/schema\\\/logo\\\/image\\\/\"}}]}<\/script>\n<!-- \/ Yoast SEO plugin. -->","yoast_head_json":{"title":"Energiebehandlungen - majavida","description":"Ausgleich des Energieflusses und Verbindung mit deinem Kern.","robots":{"index":"index","follow":"follow","max-snippet":"max-snippet:-1","max-image-preview":"max-image-preview:large","max-video-preview":"max-video-preview:-1"},"canonical":"https:\/\/www.majavida.ch\/?page_id=215","og_locale":"de_DE","og_type":"article","og_title":"Energiebehandlungen - majavida","og_description":"Ausgleich des Energieflusses und Verbindung mit deinem Kern.","og_url":"https:\/\/www.majavida.ch\/?page_id=215","og_site_name":"majavida","article_modified_time":"2022-06-09T19:13:19+00:00","og_image":[{"url":"https:\/\/www.majavida.ch\/wp-content\/uploads\/2021\/03\/freedom-4782870-1024x683.jpg","type":"","width":"","height":""}],"twitter_card":"summary_large_image","twitter_misc":{"Gesch\u00e4tzte Lesezeit":"2\u00a0Minuten"},"schema":{"@context":"https:\/\/schema.org","@graph":[{"@type":"WebPage","@id":"https:\/\/www.majavida.ch\/?page_id=215","url":"https:\/\/www.majavida.ch\/?page_id=215","name":"Energiebehandlungen - majavida","isPartOf":{"@id":"https:\/\/www.majavida.ch\/#website"},"primaryImageOfPage":{"@id":"https:\/\/www.majavida.ch\/?page_id=215#primaryimage"},"image":{"@id":"https:\/\/www.majavida.ch\/?page_id=215#primaryimage"},"thumbnailUrl":"https:\/\/www.majavida.ch\/wp-content\/uploads\/2021\/03\/freedom-4782870-1024x683.jpg","datePublished":"2021-03-17T18:30:07+00:00","dateModified":"2022-06-09T19:13:19+00:00","description":"Ausgleich des Energieflusses und Verbindung mit deinem Kern.","breadcrumb":{"@id":"https:\/\/www.majavida.ch\/?page_id=215#breadcrumb"},"inLanguage":"de","potentialAction":[{"@type":"ReadAction","target":["https:\/\/www.majavida.ch\/?page_id=215"]}]},{"@type":"ImageObject","inLanguage":"de","@id":"https:\/\/www.majavida.ch\/?page_id=215#primaryimage","url":"https:\/\/www.majavida.ch\/wp-content\/uploads\/2021\/03\/freedom-4782870-1024x683.jpg","contentUrl":"https:\/\/www.majavida.ch\/wp-content\/uploads\/2021\/03\/freedom-4782870-1024x683.jpg"},{"@type":"BreadcrumbList","@id":"https:\/\/www.majavida.ch\/?page_id=215#breadcrumb","itemListElement":[{"@type":"ListItem","position":1,"name":"Startseite","item":"https:\/\/www.majavida.ch\/"},{"@type":"ListItem","position":2,"name":"Energiebehandlungen"}]},{"@type":"WebSite","@id":"https:\/\/www.majavida.ch\/#website","url":"https:\/\/www.majavida.ch\/","name":"majavida","description":"untertitel","publisher":{"@id":"https:\/\/www.majavida.ch\/#organization"},"potentialAction":[{"@type":"SearchAction","target":{"@type":"EntryPoint","urlTemplate":"https:\/\/www.majavida.ch\/?s={search_term_string}"},"query-input":{"@type":"PropertyValueSpecification","valueRequired":true,"valueName":"search_term_string"}}],"inLanguage":"de"},{"@type":"Organization","@id":"https:\/\/www.majavida.ch\/#organization","name":"majavida","url":"https:\/\/www.majavida.ch\/","logo":{"@type":"ImageObject","inLanguage":"de","@id":"https:\/\/www.majavida.ch\/#\/schema\/logo\/image\/","url":"https:\/\/www.majavida.ch\/wp-content\/uploads\/2021\/04\/maja-vida_Logo-farbig-10.png","contentUrl":"https:\/\/www.majavida.ch\/wp-content\/uploads\/2021\/04\/maja-vida_Logo-farbig-10.png","width":351,"height":249,"caption":"majavida"},"image":{"@id":"https:\/\/www.majavida.ch\/#\/schema\/logo\/image\/"}}]}},"jetpack_sharing_enabled":true,"_links":{"self":[{"href":"https:\/\/www.majavida.ch\/index.php?rest_route=\/wp\/v2\/pages\/215","targetHints":{"allow":["GET"]}}],"collection":[{"href":"https:\/\/www.majavida.ch\/index.php?rest_route=\/wp\/v2\/pages"}],"about":[{"href":"https:\/\/www.majavida.ch\/index.php?rest_route=\/wp\/v2\/types\/page"}],"author":[{"embeddable":true,"href":"https:\/\/www.majavida.ch\/index.php?rest_route=\/wp\/v2\/users\/3"}],"replies":[{"embeddable":true,"href":"https:\/\/www.majavida.ch\/index.php?rest_route=%2Fwp%2Fv2%2Fcomments&post=215"}],"version-history":[{"count":45,"href":"https:\/\/www.majavida.ch\/index.php?rest_route=\/wp\/v2\/pages\/215\/revisions"}],"predecessor-version":[{"id":1288,"href":"https:\/\/www.majavida.ch\/index.php?rest_route=\/wp\/v2\/pages\/215\/revisions\/1288"}],"wp:attachment":[{"href":"https:\/\/www.majavida.ch\/index.php?rest_route=%2Fwp%2Fv2%2Fmedia&parent=215"}],"curies":[{"name":"wp","href":"https:\/\/api.w.org\/{rel}","templated":true}]}}